{"id":14,"date":"2025-10-16T10:57:57","date_gmt":"2025-10-16T08:57:57","guid":{"rendered":"https:\/\/wrozkagaja.pl\/?page_id=14"},"modified":"2025-10-16T11:55:31","modified_gmt":"2025-10-16T09:55:31","slug":"wrozka-gaja-2","status":"publish","type":"page","link":"https:\/\/wrozkagaja.pl\/","title":{"rendered":"Wr\u00f3\u017cka Gaja"},"content":{"rendered":"\n<div class=\"wp-block-group alignfull has-accent-background-color has-background has-global-padding is-layout-constrained wp-container-core-group-is-layout-669513ed wp-block-group-is-layout-constrained\" style=\"margin-top:0;margin-bottom:0;padding-top:var(--wp--preset--spacing--50);padding-right:var(--wp--preset--spacing--50);padding-bottom:var(--wp--preset--spacing--50);padding-left:var(--wp--preset--spacing--50)\">\n<div class=\"wp-block-columns alignwide is-layout-flex wp-container-core-columns-is-layout-1da03c2a wp-block-columns-is-layout-flex\">\n<div class=\"wp-block-column is-vertically-aligned-stretch is-layout-flow wp-block-column-is-layout-flow\" style=\"flex-basis:50%\">\n<div class=\"wp-block-group is-vertical is-content-justification-stretch is-layout-flex wp-container-core-group-is-layout-444d5ee8 wp-block-group-is-layout-flex\" style=\"min-height:100%\">\n<p class=\"has-heading-font-family has-x-large-font-size\" style=\"line-height:1.2\">Witaj, jestem Gaja. <\/p>\n\n\n\n<div class=\"wp-block-group has-global-padding is-content-justification-left is-layout-constrained wp-container-core-group-is-layout-9fe8ed88 wp-block-group-is-layout-constrained\">\n<p class=\"wp-container-content-0733e5d0\">Wr\u00f3\u017cka, kt\u00f3r\u0105 by\u0107 mo\u017ce ju\u017c znasz. Pomagam odnale\u017a\u0107 jasno\u015b\u0107, gdy \u017cycie staje si\u0119 zagmatwane.<\/p>\n\n\n\n<div class=\"wp-block-buttons is-layout-flex wp-block-buttons-is-layout-flex\">\n<div class=\"wp-block-button\"><a class=\"wp-block-button__link wp-element-button\" href=\"https:\/\/magiawrozb.pl\/darmowe-wrozby\/\">Zam\u00f3w darmow\u0105 wr\u00f3\u017cb\u0119 \u2192<\/a><\/div>\n<\/div>\n<\/div>\n<\/div>\n<\/div>\n\n\n\n<div class=\"wp-block-column is-vertically-aligned-center is-layout-flow wp-block-column-is-layout-flow\" style=\"flex-basis:50%\">\n<figure class=\"wp-block-image size-large is-style-rounded is-style-rounded--1\"><img loading=\"lazy\" decoding=\"async\" width=\"1024\" height=\"574\" src=\"https:\/\/wrozkagaja.pl\/wp-content\/uploads\/2025\/10\/znaki-ze-wszechswiat-chce-cos-powiedziec-1024x574.webp\" alt=\"\" class=\"wp-image-24\" srcset=\"https:\/\/wrozkagaja.pl\/wp-content\/uploads\/2025\/10\/znaki-ze-wszechswiat-chce-cos-powiedziec-1024x574.webp 1024w, https:\/\/wrozkagaja.pl\/wp-content\/uploads\/2025\/10\/znaki-ze-wszechswiat-chce-cos-powiedziec-300x168.webp 300w, https:\/\/wrozkagaja.pl\/wp-content\/uploads\/2025\/10\/znaki-ze-wszechswiat-chce-cos-powiedziec-768x430.webp 768w, https:\/\/wrozkagaja.pl\/wp-content\/uploads\/2025\/10\/znaki-ze-wszechswiat-chce-cos-powiedziec.webp 1280w\" sizes=\"auto, (max-width: 1024px) 100vw, 1024px\" \/><\/figure>\n<\/div>\n<\/div>\n<\/div>\n\n\n\n<div class=\"wp-block-group alignfull has-base-background-color has-background has-global-padding is-layout-constrained wp-container-core-group-is-layout-d89aad35 wp-block-group-is-layout-constrained\" style=\"margin-top:0;margin-bottom:0;padding-top:var(--wp--preset--spacing--50);padding-right:var(--wp--preset--spacing--50);padding-bottom:var(--wp--preset--spacing--50);padding-left:var(--wp--preset--spacing--50)\">\n<div class=\"wp-block-columns alignwide is-layout-flex wp-container-core-columns-is-layout-549b0c86 wp-block-columns-is-layout-flex\">\n<div class=\"wp-block-column has-global-padding is-content-justification-left is-layout-constrained wp-container-core-column-is-layout-4f15e8fe wp-block-column-is-layout-constrained\" style=\"flex-basis:40%\">\n<p>Od ponad 20 lat pomagam odnale\u017a\u0107 jasno\u015b\u0107 w najtrudniejszych momentach.<\/p>\n<\/div>\n\n\n\n<div class=\"wp-block-column is-layout-flow wp-container-core-column-is-layout-119bc444 wp-block-column-is-layout-flow\" style=\"flex-basis:60%\">\n<p class=\"has-heading-font-family has-x-large-font-size\" style=\"line-height:1.2\">Jestem Gaja \u2013 osoba, kt\u00f3ra s\u0142ucha, rozumie i pomaga zobaczy\u0107 to, czego sama nie widzisz.<\/p>\n\n\n\n<div class=\"wp-block-columns is-layout-flex wp-container-core-columns-is-layout-87beb0d0 wp-block-columns-is-layout-flex\">\n<div class=\"wp-block-column is-layout-flow wp-block-column-is-layout-flow\">\n<p class=\"wp-container-content-9cfa9a5a\">Przez ostatnie dwie dekady pomog\u0142am ponad 1,200 osobom, kt\u00f3re czu\u0142y si\u0119 zagubione, przestraszone z\u0142\u0105 decyzj\u0105, lub po prostu potrzebowa\u0142y jasnej odpowiedzi.<\/p>\n\n\n\n<p class=\"wp-container-content-9cfa9a5a\">U\u017cywam Tarota, astrologii i numerologii \u2013 ale najwa\u017cniejsza jest empatia i umiej\u0119tno\u015b\u0107 zobaczenia pe\u0142nego obrazu Twojej sytuacji.<\/p>\n\n\n\n<p class=\"wp-container-content-9cfa9a5a\">Nie powiem Ci co robi\u0107. Dam Ci jasno\u015b\u0107, \u017ceby\u015b sam podj\u0105\u0142 w\u0142a\u015bciw\u0105 decyzj\u0119.<\/p>\n<\/div>\n\n\n\n<div class=\"wp-block-column is-layout-flow wp-block-column-is-layout-flow\">\n<p>Ka\u017cda wr\u00f3\u017cba to szczeg\u00f3\u0142owa, spersonalizowana odpowied\u017a na Tw\u00f3j email. Mo\u017cesz do niej wraca\u0107 wielokrotnie. Mo\u017cesz j\u0105 przetwarza\u0107 we w\u0142asnym tempie. <\/p>\n\n\n\n<p>A je\u015bli co\u015b b\u0119dzie niejasne \u2013 zawsze mo\u017cesz napisa\u0107. Jestem tu dla Ciebie.<\/p>\n<\/div>\n<\/div>\n<\/div>\n<\/div>\n<\/div>\n\n\n\n<div class=\"wp-block-group alignfull has-accent-5-background-color has-background has-global-padding is-layout-constrained wp-container-core-group-is-layout-d89aad35 wp-block-group-is-layout-constrained\" style=\"margin-top:0;margin-bottom:0;padding-top:var(--wp--preset--spacing--50);padding-right:var(--wp--preset--spacing--50);padding-bottom:var(--wp--preset--spacing--50);padding-left:var(--wp--preset--spacing--50)\">\n<div class=\"wp-block-columns alignwide is-layout-flex wp-container-core-columns-is-layout-1da03c2a wp-block-columns-is-layout-flex\">\n<div class=\"wp-block-column is-vertically-aligned-center is-layout-flow wp-block-column-is-layout-flow\" style=\"flex-basis:60%\">\n<figure class=\"wp-block-image size-full is-style-rounded wp-duotone-unset-3 is-style-rounded--2\"><img loading=\"lazy\" decoding=\"async\" width=\"1280\" height=\"717\" src=\"https:\/\/wrozkagaja.pl\/wp-content\/uploads\/2025\/10\/moc-snow.webp\" alt=\"\" class=\"wp-image-25\" style=\"aspect-ratio:4\/3;object-fit:cover\" srcset=\"https:\/\/wrozkagaja.pl\/wp-content\/uploads\/2025\/10\/moc-snow.webp 1280w, https:\/\/wrozkagaja.pl\/wp-content\/uploads\/2025\/10\/moc-snow-300x168.webp 300w, https:\/\/wrozkagaja.pl\/wp-content\/uploads\/2025\/10\/moc-snow-1024x574.webp 1024w, https:\/\/wrozkagaja.pl\/wp-content\/uploads\/2025\/10\/moc-snow-768x430.webp 768w\" sizes=\"auto, (max-width: 1280px) 100vw, 1280px\" \/><\/figure>\n<\/div>\n\n\n\n<div class=\"wp-block-column is-layout-flow wp-block-column-is-layout-flow\" style=\"flex-basis:40%\">\n<h2 class=\"wp-block-heading\">Specjalizuj\u0119 si\u0119 w trudnych pytaniach<\/h2>\n\n\n\n<p>Przez 20 lat s\u0142ysza\u0142am ka\u017cdy mo\u017cliwy ludzki problem. Ale s\u0105 obszary, w kt\u00f3rych jestem szczeg\u00f3lnie dobra \u2013 sytuacje gdzie logika przestaje wystarcza\u0107 i potrzebujesz g\u0142\u0119bszego wgl\u0105du.<\/p>\n\n\n\n<div class=\"wp-block-buttons is-layout-flex wp-block-buttons-is-layout-flex\">\n<div class=\"wp-block-button\"><a class=\"wp-block-button__link wp-element-button\" href=\"https:\/\/magiawrozb.pl\/wrozka-online\/\">Wr\u00f3\u017cka Online<\/a><\/div>\n<\/div>\n<\/div>\n<\/div>\n<\/div>\n\n\n\n<div class=\"wp-block-group alignfull has-base-color has-contrast-background-color has-text-color has-background has-global-padding is-layout-constrained wp-container-core-group-is-layout-ef3d885c wp-block-group-is-layout-constrained\" style=\"margin-top:0;margin-bottom:0;padding-top:var(--wp--preset--spacing--60);padding-right:var(--wp--preset--spacing--60);padding-bottom:var(--wp--preset--spacing--60);padding-left:var(--wp--preset--spacing--60)\">\n<div class=\"wp-block-group has-global-padding is-layout-constrained wp-block-group-is-layout-constrained\">\n<p class=\"has-text-align-center has-base-color has-text-color has-heading-font-family has-x-large-font-size\" style=\"line-height:1.2\"><em>&#8222;Gaja to wr\u00f3\u017cka online, kt\u00f3ra naprawd\u0119 rozumie. Nie dosta\u0142am og\u00f3lnik\u00f3w \u2013 dosta\u0142am szczeg\u00f3\u0142ow\u0105 analiz\u0119, kt\u00f3ra pomog\u0142a mi zobaczy\u0107 moj\u0105 sytuacj\u0119 z zupe\u0142nie nowej perspektywy. Po raz pierwszy od miesi\u0119cy poczu\u0142am spok\u00f3j.&#8221;<\/em><\/p>\n\n\n\n<div style=\"height:var(--wp--preset--spacing--10)\" aria-hidden=\"true\" class=\"wp-block-spacer\"><\/div>\n\n\n\n<div class=\"wp-block-group is-vertical is-content-justification-center is-nowrap is-layout-flex wp-container-core-group-is-layout-2dc08cea wp-block-group-is-layout-flex\">\n<figure class=\"wp-block-image aligncenter size-thumbnail is-resized has-custom-border\"><img loading=\"lazy\" decoding=\"async\" width=\"150\" height=\"150\" src=\"https:\/\/wrozkagaja.pl\/wp-content\/uploads\/2025\/10\/karolina-selfie-150x150.png\" alt=\"\" class=\"wp-image-30\" style=\"border-radius:100px;aspect-ratio:1;object-fit:cover;width:60px\" srcset=\"https:\/\/wrozkagaja.pl\/wp-content\/uploads\/2025\/10\/karolina-selfie-150x150.png 150w, https:\/\/wrozkagaja.pl\/wp-content\/uploads\/2025\/10\/karolina-selfie-300x300.png 300w, https:\/\/wrozkagaja.pl\/wp-content\/uploads\/2025\/10\/karolina-selfie.png 680w\" sizes=\"auto, (max-width: 150px) 100vw, 150px\" \/><\/figure>\n\n\n\n<p class=\"has-text-align-center\" style=\"margin-top:var(--wp--preset--spacing--10);margin-bottom:0\">Karolina, 34 lata<\/p>\n\n\n\n<p class=\"has-text-align-center has-contrast-3-color has-text-color has-small-font-size\" style=\"font-style:normal;font-weight:300\">wr\u00f3\u017cba mi\u0142osna<\/p>\n<\/div>\n<\/div>\n<\/div>\n\n\n\n<div class=\"wp-block-group alignfull has-global-padding is-layout-constrained wp-container-core-group-is-layout-d89aad35 wp-block-group-is-layout-constrained\" style=\"margin-top:0;margin-bottom:0;padding-top:var(--wp--preset--spacing--50);padding-right:var(--wp--preset--spacing--50);padding-bottom:var(--wp--preset--spacing--50);padding-left:var(--wp--preset--spacing--50)\">\n<div class=\"wp-block-group alignwide has-base-2-background-color has-background has-global-padding is-layout-constrained wp-container-core-group-is-layout-39412042 wp-block-group-is-layout-constrained\" style=\"border-radius:16px;padding-top:var(--wp--preset--spacing--40);padding-right:var(--wp--preset--spacing--50);padding-bottom:var(--wp--preset--spacing--40);padding-left:var(--wp--preset--spacing--50)\">\n<div style=\"height:var(--wp--preset--spacing--10)\" aria-hidden=\"true\" class=\"wp-block-spacer\"><\/div>\n\n\n\n<h2 class=\"wp-block-heading has-text-align-center has-x-large-font-size\">Pierwsze pytanie za darmo<\/h2>\n\n\n\n<p class=\"has-text-align-center\">Przekonaj si\u0119 jak pracuj\u0119. Bez zobowi\u0105za\u0144. Bez ryzyka. Odpowiem w ci\u0105gu godziny.<\/p>\n\n\n\n<div class=\"wp-block-buttons is-content-justification-center is-layout-flex wp-container-core-buttons-is-layout-a89b3969 wp-block-buttons-is-layout-flex\">\n<div class=\"wp-block-button\"><a class=\"wp-block-button__link wp-element-button\" href=\"https:\/\/magiawrozb.pl\/darmowe-wrozby\/\">Darmowa wr\u00f3\u017cba \u2192<\/a><\/div>\n<\/div>\n\n\n\n<div style=\"height:var(--wp--preset--spacing--10)\" aria-hidden=\"true\" class=\"wp-block-spacer\"><\/div>\n<\/div>\n<\/div>\n","protected":false},"excerpt":{"rendered":"<p>Witaj, jestem Gaja. Wr\u00f3\u017cka, kt\u00f3r\u0105 by\u0107 mo\u017ce ju\u017c znasz. Pomagam odnale\u017a\u0107 jasno\u015b\u0107, gdy \u017cycie staje si\u0119 zagmatwane. Od ponad 20 lat pomagam odnale\u017a\u0107 jasno\u015b\u0107 w najtrudniejszych momentach. Jestem Gaja \u2013 osoba, kt\u00f3ra s\u0142ucha, rozumie i pomaga zobaczy\u0107 to, czego sama nie widzisz. Przez ostatnie dwie dekady pomog\u0142am ponad 1,200 osobom, kt\u00f3re czu\u0142y si\u0119 zagubione, przestraszone [&hellip;]<\/p>\n","protected":false},"author":1,"featured_media":0,"parent":0,"menu_order":0,"comment_status":"closed","ping_status":"closed","template":"page-no-title","meta":{"footnotes":""},"class_list":["post-14","page","type-page","status-publish","hentry"],"_links":{"self":[{"href":"https:\/\/wrozkagaja.pl\/index.php?rest_route=\/wp\/v2\/pages\/14","targetHints":{"allow":["GET"]}}],"collection":[{"href":"https:\/\/wrozkagaja.pl\/index.php?rest_route=\/wp\/v2\/pages"}],"about":[{"href":"https:\/\/wrozkagaja.pl\/index.php?rest_route=\/wp\/v2\/types\/page"}],"author":[{"embeddable":true,"href":"https:\/\/wrozkagaja.pl\/index.php?rest_route=\/wp\/v2\/users\/1"}],"replies":[{"embeddable":true,"href":"https:\/\/wrozkagaja.pl\/index.php?rest_route=%2Fwp%2Fv2%2Fcomments&post=14"}],"version-history":[{"count":6,"href":"https:\/\/wrozkagaja.pl\/index.php?rest_route=\/wp\/v2\/pages\/14\/revisions"}],"predecessor-version":[{"id":32,"href":"https:\/\/wrozkagaja.pl\/index.php?rest_route=\/wp\/v2\/pages\/14\/revisions\/32"}],"wp:attachment":[{"href":"https:\/\/wrozkagaja.pl\/index.php?rest_route=%2Fwp%2Fv2%2Fmedia&parent=14"}],"curies":[{"name":"wp","href":"https:\/\/api.w.org\/{rel}","templated":true}]}}